{"id":1109,"date":"2024-12-06T14:00:35","date_gmt":"2024-12-06T19:00:35","guid":{"rendered":"https:\/\/zero-cooldown.com\/?post_type=product&#038;p=1109"},"modified":"2025-07-13T16:42:02","modified_gmt":"2025-07-13T20:42:02","slug":"atmosphere","status":"publish","type":"product","link":"https:\/\/zero-cooldown.com\/fr\/produit\/atmosphere\/","title":{"rendered":"Atmosph\u00e8re"},"content":{"rendered":"<p>Nous sommes <strong>des artistes digitaux<\/strong> et nous utilisons de <strong>Imagerie IA <\/strong>que nous retravaillons pour r\u00e9aliser l'illustration parfaite que vous recherchez.<\/p>\n<p>Voici ce que vous obtenez : Illustration(s) personnalis\u00e9e(s) de votre\/vos paysage(s) TTRPG en fonction de votre vision.<\/p>\n<p>Ce qui est inclus :<\/p>\n<ul>\n<li>Une illustration, ou un MattePainting rapide (refonte d'une illustration), ou un MattePainting am\u00e9lior\u00e9 (sur mesure, bas\u00e9 sur 2-3 illustrations) d'un paysage<\/li>\n<li>Adaptabilit\u00e9 dans un large \u00e9ventail de styles TTRPG (Donjons &amp; Dragons, Vampire The Masquerade, Chtulu, Warhammer, Cyberpunk, etc.)<\/li>\n<li>La possibilit\u00e9 de choisir le style de l'illustration (r\u00e9aliste, dessin anim\u00e9, etc.)<\/li>\n<li>Inclure des couleurs dans l'illustration<\/li>\n<li>Fichier de r\u00e9solution imprimable<\/li>\n<li>Utilisation commerciale<\/li>\n<\/ul>\n<p>Livraison:<\/p>\n<ul>\n<li>Fran\u00e7ais\n1 illustration : Livraison en 2 jours, 2 r\u00e9visions incluses<\/li>\n<li>1 MattePainting rapide : livraison en 4 jours, 2 r\u00e9visions incluses<\/li>\n<li>1 MattePainting am\u00e9lior\u00e9 : livraison en 6 jours, r\u00e9visions illimit\u00e9es<\/li>\n<\/ul>","protected":false},"excerpt":{"rendered":"<p>Illustration(s) personnalis\u00e9e(s) de ton paysage.<\/p>","protected":false},"featured_media":2228,"comment_status":"open","ping_status":"closed","template":"","meta":{"_crdt_document":"","_uag_custom_page_level_css":"","_swt_meta_header_display":false,"_swt_meta_footer_display":false,"_swt_meta_site_title_display":false,"_swt_meta_sticky_header":false,"_swt_meta_transparent_header":false,"jetpack_publicize_message":"","jetpack_publicize_feature_enabled":true,"jetpack_social_post_already_shared":true,"jetpack_social_options":{"image_generator_settings":{"template":"highway","default_image_id":0,"font":"","enabled":false},"version":2},"_wpas_customize_per_network":false},"product_brand":[],"product_cat":[],"product_tag":[],"class_list":{"0":"post-1109","1":"product","2":"type-product","3":"status-publish","4":"has-post-thumbnail","7":"first","8":"instock","9":"purchasable","10":"product-type-variable"},"exclude_global_add_ons":[],"addons":[],"jetpack_publicize_connections":[],"uagb_featured_image_src":{"full":["https:\/\/i0.wp.com\/zero-cooldown.com\/wp-content\/uploads\/2024\/12\/Unknown-World.webp?fit=6400%2C4267&ssl=1",6400,4267,false],"thumbnail":["https:\/\/i0.wp.com\/zero-cooldown.com\/wp-content\/uploads\/2024\/12\/Unknown-World.webp?resize=150%2C150&ssl=1",150,150,true],"medium":["https:\/\/i0.wp.com\/zero-cooldown.com\/wp-content\/uploads\/2024\/12\/Unknown-World.webp?fit=300%2C200&ssl=1",300,200,true],"medium_large":["https:\/\/i0.wp.com\/zero-cooldown.com\/wp-content\/uploads\/2024\/12\/Unknown-World.webp?fit=768%2C512&ssl=1",768,512,true],"large":["https:\/\/i0.wp.com\/zero-cooldown.com\/wp-content\/uploads\/2024\/12\/Unknown-World.webp?fit=1024%2C683&ssl=1",1024,683,true],"1536x1536":["https:\/\/i0.wp.com\/zero-cooldown.com\/wp-content\/uploads\/2024\/12\/Unknown-World.webp?fit=1536%2C1024&ssl=1",1536,1024,true],"2048x2048":["https:\/\/i0.wp.com\/zero-cooldown.com\/wp-content\/uploads\/2024\/12\/Unknown-World.webp?fit=2048%2C1365&ssl=1",2048,1365,true],"trp-custom-language-flag":["https:\/\/i0.wp.com\/zero-cooldown.com\/wp-content\/uploads\/2024\/12\/Unknown-World.webp?fit=18%2C12&ssl=1",18,12,true],"newspack-article-block-landscape-large":["https:\/\/i0.wp.com\/zero-cooldown.com\/wp-content\/uploads\/2024\/12\/Unknown-World.webp?resize=1200%2C900&ssl=1",1200,900,true],"newspack-article-block-portrait-large":["https:\/\/i0.wp.com\/zero-cooldown.com\/wp-content\/uploads\/2024\/12\/Unknown-World.webp?resize=900%2C1200&ssl=1",900,1200,true],"newspack-article-block-square-large":["https:\/\/i0.wp.com\/zero-cooldown.com\/wp-content\/uploads\/2024\/12\/Unknown-World.webp?resize=1200%2C1200&ssl=1",1200,1200,true],"newspack-article-block-landscape-medium":["https:\/\/i0.wp.com\/zero-cooldown.com\/wp-content\/uploads\/2024\/12\/Unknown-World.webp?resize=800%2C600&ssl=1",800,600,true],"newspack-article-block-portrait-medium":["https:\/\/i0.wp.com\/zero-cooldown.com\/wp-content\/uploads\/2024\/12\/Unknown-World.webp?resize=600%2C800&ssl=1",600,800,true],"newspack-article-block-square-medium":["https:\/\/i0.wp.com\/zero-cooldown.com\/wp-content\/uploads\/2024\/12\/Unknown-World.webp?resize=800%2C800&ssl=1",800,800,true],"newspack-article-block-landscape-intermediate":["https:\/\/i0.wp.com\/zero-cooldown.com\/wp-content\/uploads\/2024\/12\/Unknown-World.webp?resize=600%2C450&ssl=1",600,450,true],"newspack-article-block-portrait-intermediate":["https:\/\/i0.wp.com\/zero-cooldown.com\/wp-content\/uploads\/2024\/12\/Unknown-World.webp?resize=450%2C600&ssl=1",450,600,true],"newspack-article-block-square-intermediate":["https:\/\/i0.wp.com\/zero-cooldown.com\/wp-content\/uploads\/2024\/12\/Unknown-World.webp?resize=600%2C600&ssl=1",600,600,true],"newspack-article-block-landscape-small":["https:\/\/i0.wp.com\/zero-cooldown.com\/wp-content\/uploads\/2024\/12\/Unknown-World.webp?resize=400%2C300&ssl=1",400,300,true],"newspack-article-block-portrait-small":["https:\/\/i0.wp.com\/zero-cooldown.com\/wp-content\/uploads\/2024\/12\/Unknown-World.webp?resize=300%2C400&ssl=1",300,400,true],"newspack-article-block-square-small":["https:\/\/i0.wp.com\/zero-cooldown.com\/wp-content\/uploads\/2024\/12\/Unknown-World.webp?resize=400%2C400&ssl=1",400,400,true],"newspack-article-block-landscape-tiny":["https:\/\/i0.wp.com\/zero-cooldown.com\/wp-content\/uploads\/2024\/12\/Unknown-World.webp?resize=200%2C150&ssl=1",200,150,true],"newspack-article-block-portrait-tiny":["https:\/\/i0.wp.com\/zero-cooldown.com\/wp-content\/uploads\/2024\/12\/Unknown-World.webp?resize=150%2C200&ssl=1",150,200,true],"newspack-article-block-square-tiny":["https:\/\/i0.wp.com\/zero-cooldown.com\/wp-content\/uploads\/2024\/12\/Unknown-World.webp?resize=200%2C200&ssl=1",200,200,true],"newspack-article-block-uncropped":["https:\/\/i0.wp.com\/zero-cooldown.com\/wp-content\/uploads\/2024\/12\/Unknown-World.webp?fit=1200%2C800&ssl=1",1200,800,true],"mailpoet_newsletter_max":["https:\/\/i0.wp.com\/zero-cooldown.com\/wp-content\/uploads\/2024\/12\/Unknown-World.webp?fit=1320%2C880&ssl=1",1320,880,true],"woocommerce_thumbnail":["https:\/\/i0.wp.com\/zero-cooldown.com\/wp-content\/uploads\/2024\/12\/Unknown-World.webp?resize=300%2C300&ssl=1",300,300,true],"woocommerce_single":["https:\/\/i0.wp.com\/zero-cooldown.com\/wp-content\/uploads\/2024\/12\/Unknown-World.webp?fit=600%2C400&ssl=1",600,400,true],"woocommerce_gallery_thumbnail":["https:\/\/i0.wp.com\/zero-cooldown.com\/wp-content\/uploads\/2024\/12\/Unknown-World.webp?resize=100%2C100&ssl=1",100,100,true]},"uagb_author_info":{"display_name":"zcfoundershop","author_link":"https:\/\/zero-cooldown.com\/fr\/author\/"},"uagb_comment_info":0,"uagb_excerpt":"Custom illustration(s) of your landscape.","jetpack_sharing_enabled":true,"jetpack_likes_enabled":true,"_links":{"self":[{"href":"https:\/\/zero-cooldown.com\/fr\/wp-json\/wp\/v2\/product\/1109","targetHints":{"allow":["GET"]}}],"collection":[{"href":"https:\/\/zero-cooldown.com\/fr\/wp-json\/wp\/v2\/product"}],"about":[{"href":"https:\/\/zero-cooldown.com\/fr\/wp-json\/wp\/v2\/types\/product"}],"replies":[{"embeddable":true,"href":"https:\/\/zero-cooldown.com\/fr\/wp-json\/wp\/v2\/comments?post=1109"}],"wp:featuredmedia":[{"embeddable":true,"href":"https:\/\/zero-cooldown.com\/fr\/wp-json\/wp\/v2\/media\/2228"}],"wp:attachment":[{"href":"https:\/\/zero-cooldown.com\/fr\/wp-json\/wp\/v2\/media?parent=1109"}],"wp:term":[{"taxonomy":"product_brand","embeddable":true,"href":"https:\/\/zero-cooldown.com\/fr\/wp-json\/wp\/v2\/product_brand?post=1109"},{"taxonomy":"product_cat","embeddable":true,"href":"https:\/\/zero-cooldown.com\/fr\/wp-json\/wp\/v2\/product_cat?post=1109"},{"taxonomy":"product_tag","embeddable":true,"href":"https:\/\/zero-cooldown.com\/fr\/wp-json\/wp\/v2\/product_tag?post=1109"}],"curies":[{"name":"wp","href":"https:\/\/api.w.org\/{rel}","templated":true}]}}