{"id":37,"date":"2024-03-27T11:14:19","date_gmt":"2024-03-27T15:14:19","guid":{"rendered":"https:\/\/zero-cooldown.com\/panier\/"},"modified":"2024-03-27T11:14:19","modified_gmt":"2024-03-27T15:14:19","slug":"panier","status":"publish","type":"page","link":"https:\/\/zero-cooldown.com\/fr\/panier\/","title":{"rendered":"Panier"},"content":{"rendered":"<div data-block-name=\"woocommerce\/cart\" class=\"wp-block-woocommerce-cart alignwide is-loading\">\n<div data-block-name=\"woocommerce\/filled-cart-block\" class=\"wp-block-woocommerce-filled-cart-block\">\n<div data-block-name=\"woocommerce\/cart-items-block\" class=\"wp-block-woocommerce-cart-items-block\">\n<div data-block-name=\"woocommerce\/cart-line-items-block\" class=\"wp-block-woocommerce-cart-line-items-block\"><\/div>\n\n\n\n<div data-block-name=\"woocommerce\/cart-cross-sells-block\" class=\"wp-block-woocommerce-cart-cross-sells-block\">\n<h2 class=\"wp-block-heading has-large-font-size\">\u00c7a peut vous int\u00e9resser&#8230;<\/h2>\n\n\n\n<div data-block-name=\"woocommerce\/cart-cross-sells-products-block\" class=\"wp-block-woocommerce-cart-cross-sells-products-block\"><\/div>\n<\/div>\n<\/div>\n\n\n\n<div data-block-name=\"woocommerce\/cart-totals-block\" class=\"wp-block-woocommerce-cart-totals-block\">\n<div data-block-name=\"woocommerce\/cart-order-summary-block\" class=\"wp-block-woocommerce-cart-order-summary-block\">\n<div data-block-name=\"woocommerce\/cart-order-summary-heading-block\" class=\"wp-block-woocommerce-cart-order-summary-heading-block\"><\/div><div data-block-name=\"woocommerce\/cart-order-summary-coupon-form-block\" class=\"wp-block-woocommerce-cart-order-summary-coupon-form-block\"><\/div><div data-block-name=\"woocommerce\/cart-order-summary-totals-block\" class=\"wp-block-woocommerce-cart-order-summary-totals-block\">\n<div data-block-name=\"woocommerce\/cart-order-summary-subtotal-block\" class=\"wp-block-woocommerce-cart-order-summary-subtotal-block\"><\/div>\n<div data-block-name=\"woocommerce\/cart-order-summary-discount-block\" class=\"wp-block-woocommerce-cart-order-summary-discount-block\"><\/div>\n<div data-block-name=\"woocommerce\/cart-order-summary-fee-block\" class=\"wp-block-woocommerce-cart-order-summary-fee-block\"><\/div>\n<div data-block-name=\"woocommerce\/cart-order-summary-shipping-block\" class=\"wp-block-woocommerce-cart-order-summary-shipping-block\"><\/div>\n<div data-block-name=\"woocommerce\/cart-order-summary-taxes-block\" class=\"wp-block-woocommerce-cart-order-summary-taxes-block\"><\/div><\/div>\n<\/div>\n\n\n\n<div data-block-name=\"woocommerce-paypal-payments\/cart-paylater-messages\" data-pp-placement=\"cart\" data-pp-style-layout=\"text\" data-pp-style-logo-position=\"left\" data-pp-style-logo-type=\"inline\" data-pp-style-text-color=\"black\" data-pp-style-text-size=\"12\" id=\"ppcp-cart-paylater-messages\" class=\"ppcp-messages\" data-partner-attribution-id=\"WooPPCP_Ecom_PS_CoreProfiler\"><\/div><div data-block-name=\"woocommerce\/cart-express-payment-block\" class=\"wp-block-woocommerce-cart-express-payment-block\"><\/div>\n\n\n\n<div data-block-name=\"woocommerce\/proceed-to-checkout-block\" class=\"wp-block-woocommerce-proceed-to-checkout-block\"><\/div>\n\n\n\n<div data-block-name=\"woocommerce\/cart-accepted-payment-methods-block\" class=\"wp-block-woocommerce-cart-accepted-payment-methods-block\"><\/div>\n<\/div>\n<\/div>\n\n\n\n<div data-block-name=\"woocommerce\/empty-cart-block\" class=\"wp-block-woocommerce-empty-cart-block\">\n<h2 class=\"wp-block-heading has-text-align-center with-empty-cart-icon wc-block-cart__empty-cart__title\">Votre panier est actuellement vide\u00a0!<\/h2>\n\n\n\n<hr class=\"wp-block-separator has-alpha-channel-opacity is-style-dots\" \/>\n\n\n\n<h2 class=\"wp-block-heading has-text-align-center\">Nouveau dans la boutique<\/h2>\n\n\n<div data-block-name=\"woocommerce\/product-new\" data-columns=\"4\" data-rows=\"1\" class=\"wc-block-grid wp-block-product-new wp-block-woocommerce-product-new wc-block-product-new has-4-columns\"><ul class=\"wc-block-grid__products\"><li class=\"wc-block-grid__product\">\n\t\t\t\t<a href=\"https:\/\/zero-cooldown.com\/fr\/produit\/novdorod-the-fall\/\" class=\"wc-block-grid__product-link\">\n\t\t\t\t\t<div class=\"wc-block-grid__product-onsale\">\n\t\t\t<span aria-hidden=\"true\" data-no-translation=\"\" data-trp-gettext=\"\">Promo<\/span>\n\t\t\t<span class=\"screen-reader-text\" data-no-translation=\"\" data-trp-gettext=\"\">Produit en promotion<\/span>\n\t\t<\/div>\n\t\t\t\t\t<div class=\"wc-block-grid__product-image\"><img loading=\"lazy\" decoding=\"async\" width=\"300\" height=\"300\" src=\"https:\/\/i0.wp.com\/zero-cooldown.com\/wp-content\/uploads\/2025\/07\/Novdorod-Couverture-Product.jpg?resize=300%2C300&amp;ssl=1\" class=\"attachment-woocommerce_thumbnail size-woocommerce_thumbnail\" alt=\"Novdorod \u2014 The Fall\" srcset=\"https:\/\/i0.wp.com\/zero-cooldown.com\/wp-content\/uploads\/2025\/07\/Novdorod-Couverture-Product.jpg?resize=150%2C150&amp;ssl=1 150w, https:\/\/i0.wp.com\/zero-cooldown.com\/wp-content\/uploads\/2025\/07\/Novdorod-Couverture-Product.jpg?resize=300%2C300&amp;ssl=1 300w, https:\/\/i0.wp.com\/zero-cooldown.com\/wp-content\/uploads\/2025\/07\/Novdorod-Couverture-Product.jpg?resize=100%2C100&amp;ssl=1 100w, https:\/\/i0.wp.com\/zero-cooldown.com\/wp-content\/uploads\/2025\/07\/Novdorod-Couverture-Product.jpg?zoom=2&amp;resize=300%2C300&amp;ssl=1 600w, https:\/\/i0.wp.com\/zero-cooldown.com\/wp-content\/uploads\/2025\/07\/Novdorod-Couverture-Product.jpg?zoom=3&amp;resize=300%2C300&amp;ssl=1 900w\" sizes=\"auto, (max-width: 300px) 100vw, 300px\" data-attachment-id=\"2239\" data-permalink=\"https:\/\/zero-cooldown.com\/fr\/?attachment_id=2239\" data-orig-file=\"https:\/\/i0.wp.com\/zero-cooldown.com\/wp-content\/uploads\/2025\/07\/Novdorod-Couverture-Product.jpg?fit=938%2C1406&amp;ssl=1\" data-orig-size=\"938,1406\" data-comments-opened=\"1\" data-image-meta=\"{&quot;aperture&quot;:&quot;0&quot;,&quot;credit&quot;:&quot;&quot;,&quot;camera&quot;:&quot;&quot;,&quot;caption&quot;:&quot;&quot;,&quot;created_timestamp&quot;:&quot;0&quot;,&quot;copyright&quot;:&quot;&quot;,&quot;focal_length&quot;:&quot;0&quot;,&quot;iso&quot;:&quot;0&quot;,&quot;shutter_speed&quot;:&quot;0&quot;,&quot;title&quot;:&quot;&quot;,&quot;orientation&quot;:&quot;0&quot;}\" data-image-title=\"Novdorod &amp;#8211; Couverture &amp;#8211; Product\" data-image-description=\"&lt;p&gt;Cette force que vous sentez et qui vous tire vers le bas n\u2019est pas le sort qui s\u2019acharne ou le destin. &lt;\/p&gt;&lt;p&gt;Cette force ressentie peut prendre diff\u00e9rentes formes et s\u2019attaque \u00e0 vous de diff\u00e9rentes mani\u00e8res.&lt;\/p&gt;&lt;p&gt;La lumi\u00e8re permet de d\u00e9truire cette force.&lt;\/p&gt;&lt;p&gt;\u00catre un outsider n\u2019est pas une fatalit\u00e9.&lt;br \/&gt;C\u2019est le point de d\u00e9part. &lt;\/p&gt;&lt;p&gt;Le jeu de la vie n\u2019est qu\u2019un test. &lt;\/p&gt;&lt;p&gt;Quel personnage incarnez-vous ?&lt;\/p&gt;\" data-image-caption=\"\" data-large-file=\"https:\/\/i0.wp.com\/zero-cooldown.com\/wp-content\/uploads\/2025\/07\/Novdorod-Couverture-Product.jpg?fit=683%2C1024&amp;ssl=1\" \/><\/div>\n\t\t\t\t\t<div class=\"wc-block-grid__product-title\">Novdorod \u2014 La chute<\/div>\n\t\t\t\t<\/a>\n\t\t\t\t<div class=\"wc-block-grid__product-price price\"><span class=\"woocommerce-Price-amount amount\" aria-hidden=\"true\"><span class=\"woocommerce-Price-currencySymbol\">&#036;<\/span>1.00<\/span> <span aria-hidden=\"true\">\u00a0\u2013\u00a0<\/span> <span class=\"woocommerce-Price-amount amount\" aria-hidden=\"true\"><span class=\"woocommerce-Price-currencySymbol\">&#036;<\/span>1.50<\/span><span class=\"screen-reader-text\" data-no-translation=\"\" data-trp-gettext=\"\">Plage de prix\u00a0: &#036;1.00 \u00e0 &#036;1.50<\/span><\/div>\n\t\t\t\t\n\t\t\t\t<div class=\"wp-block-button wc-block-grid__product-add-to-cart\"><a href=\"https:\/\/zero-cooldown.com\/fr\/produit\/novdorod-the-fall\/\" aria-label=\"S\u00e9lectionner les options pour \u201cNovdorod \u2014 The Fall\u201d\" data-quantity=\"1\" data-product_id=\"3070\" data-product_sku=\"\" data-price=\"1\" rel=\"nofollow\" class=\"wp-block-button__link wp-element-button add_to_cart_button\" data-no-translation=\"\" data-trp-gettext=\"\" data-no-translation-aria-label=\"\">Choix des options<\/a><\/div>\n\t\t\t<\/li><li class=\"wc-block-grid__product\">\n\t\t\t\t<a href=\"https:\/\/zero-cooldown.com\/fr\/produit\/hubris-fort-graven-introductory-ttrpg-session\/\" class=\"wc-block-grid__product-link\">\n\t\t\t\t\t\n\t\t\t\t\t<div class=\"wc-block-grid__product-image\"><img loading=\"lazy\" decoding=\"async\" width=\"300\" height=\"300\" src=\"https:\/\/i0.wp.com\/zero-cooldown.com\/wp-content\/uploads\/2025\/06\/Cover-Fort-Graven-Product2.png?resize=300%2C300&amp;ssl=1\" class=\"attachment-woocommerce_thumbnail size-woocommerce_thumbnail\" alt=\"Hubris at Fort-Graven : Introductory TTRPG Session\" srcset=\"https:\/\/i0.wp.com\/zero-cooldown.com\/wp-content\/uploads\/2025\/06\/Cover-Fort-Graven-Product2.png?resize=150%2C150&amp;ssl=1 150w, https:\/\/i0.wp.com\/zero-cooldown.com\/wp-content\/uploads\/2025\/06\/Cover-Fort-Graven-Product2.png?resize=12%2C12&amp;ssl=1 12w, https:\/\/i0.wp.com\/zero-cooldown.com\/wp-content\/uploads\/2025\/06\/Cover-Fort-Graven-Product2.png?resize=300%2C300&amp;ssl=1 300w, https:\/\/i0.wp.com\/zero-cooldown.com\/wp-content\/uploads\/2025\/06\/Cover-Fort-Graven-Product2.png?resize=100%2C100&amp;ssl=1 100w\" sizes=\"auto, (max-width: 300px) 100vw, 300px\" data-attachment-id=\"2130\" data-permalink=\"https:\/\/zero-cooldown.com\/fr\/?attachment_id=2130\" data-orig-file=\"https:\/\/i0.wp.com\/zero-cooldown.com\/wp-content\/uploads\/2025\/06\/Cover-Fort-Graven-Product2.png?fit=504%2C496&amp;ssl=1\" data-orig-size=\"504,496\" data-comments-opened=\"1\" data-image-meta=\"{&quot;aperture&quot;:&quot;0&quot;,&quot;credit&quot;:&quot;&quot;,&quot;camera&quot;:&quot;&quot;,&quot;caption&quot;:&quot;&quot;,&quot;created_timestamp&quot;:&quot;0&quot;,&quot;copyright&quot;:&quot;&quot;,&quot;focal_length&quot;:&quot;0&quot;,&quot;iso&quot;:&quot;0&quot;,&quot;shutter_speed&quot;:&quot;0&quot;,&quot;title&quot;:&quot;&quot;,&quot;orientation&quot;:&quot;0&quot;}\" data-image-title=\"Cover Fort-Graven &amp;#8211; Product2\" data-image-description=\"\" data-image-caption=\"\" data-large-file=\"https:\/\/i0.wp.com\/zero-cooldown.com\/wp-content\/uploads\/2025\/06\/Cover-Fort-Graven-Product2.png?fit=504%2C496&amp;ssl=1\" \/><\/div>\n\t\t\t\t\t<div class=\"wc-block-grid__product-title\">Hubris \u00e0 Fort-Graven : S\u00e9ance d'initiation au JDR<\/div>\n\t\t\t\t<\/a>\n\t\t\t\t<div class=\"wc-block-grid__product-price price\">5 (<span class=\"woocommerce-Price-amount amount\"><span class=\"woocommerce-Price-currencySymbol\">&#036;<\/span>0.00<\/span>)<\/div>\n\t\t\t\t\n\t\t\t\t<div class=\"wp-block-button wc-block-grid__product-add-to-cart\"><a href=\"https:\/\/zero-cooldown.com\/fr\/produit\/hubris-fort-graven-introductory-ttrpg-session\/\" aria-label=\"S\u00e9lectionner les options pour \u201cHubris at Fort-Graven : Introductory TTRPG Session\u201d\" data-quantity=\"1\" data-product_id=\"2083\" data-product_sku=\"\" data-price=\"0\" rel=\"nofollow\" class=\"wp-block-button__link wp-element-button add_to_cart_button\" data-no-translation=\"\" data-trp-gettext=\"\" data-no-translation-aria-label=\"\">Choix des options<\/a><\/div>\n\t\t\t<\/li><li class=\"wc-block-grid__product\">\n\t\t\t\t<a href=\"https:\/\/zero-cooldown.com\/fr\/produit\/character\/\" class=\"wc-block-grid__product-link\">\n\t\t\t\t\t\n\t\t\t\t\t<div class=\"wc-block-grid__product-image\"><img loading=\"lazy\" decoding=\"async\" width=\"300\" height=\"300\" src=\"https:\/\/i0.wp.com\/zero-cooldown.com\/wp-content\/uploads\/2025\/07\/VampireWoman.webp?resize=300%2C300&amp;ssl=1\" class=\"attachment-woocommerce_thumbnail size-woocommerce_thumbnail\" alt=\"Character\" srcset=\"https:\/\/i0.wp.com\/zero-cooldown.com\/wp-content\/uploads\/2025\/07\/VampireWoman.webp?w=1000&amp;ssl=1 1000w, https:\/\/i0.wp.com\/zero-cooldown.com\/wp-content\/uploads\/2025\/07\/VampireWoman.webp?resize=300%2C300&amp;ssl=1 300w, https:\/\/i0.wp.com\/zero-cooldown.com\/wp-content\/uploads\/2025\/07\/VampireWoman.webp?resize=150%2C150&amp;ssl=1 150w, https:\/\/i0.wp.com\/zero-cooldown.com\/wp-content\/uploads\/2025\/07\/VampireWoman.webp?resize=768%2C768&amp;ssl=1 768w, https:\/\/i0.wp.com\/zero-cooldown.com\/wp-content\/uploads\/2025\/07\/VampireWoman.webp?resize=12%2C12&amp;ssl=1 12w, https:\/\/i0.wp.com\/zero-cooldown.com\/wp-content\/uploads\/2025\/07\/VampireWoman.webp?resize=600%2C600&amp;ssl=1 600w, https:\/\/i0.wp.com\/zero-cooldown.com\/wp-content\/uploads\/2025\/07\/VampireWoman.webp?resize=100%2C100&amp;ssl=1 100w\" sizes=\"auto, (max-width: 300px) 100vw, 300px\" data-attachment-id=\"2204\" data-permalink=\"https:\/\/zero-cooldown.com\/fr\/?attachment_id=2204\" data-orig-file=\"https:\/\/i0.wp.com\/zero-cooldown.com\/wp-content\/uploads\/2025\/07\/VampireWoman.webp?fit=1000%2C1000&amp;ssl=1\" data-orig-size=\"1000,1000\" data-comments-opened=\"1\" data-image-meta=\"{&quot;aperture&quot;:&quot;0&quot;,&quot;credit&quot;:&quot;&quot;,&quot;camera&quot;:&quot;&quot;,&quot;caption&quot;:&quot;&quot;,&quot;created_timestamp&quot;:&quot;0&quot;,&quot;copyright&quot;:&quot;&quot;,&quot;focal_length&quot;:&quot;0&quot;,&quot;iso&quot;:&quot;0&quot;,&quot;shutter_speed&quot;:&quot;0&quot;,&quot;title&quot;:&quot;&quot;,&quot;orientation&quot;:&quot;0&quot;}\" data-image-title=\"VampireWoman\" data-image-description=\"\" data-image-caption=\"\" data-large-file=\"https:\/\/i0.wp.com\/zero-cooldown.com\/wp-content\/uploads\/2025\/07\/VampireWoman.webp?fit=1000%2C1000&amp;ssl=1\" \/><\/div>\n\t\t\t\t\t<div class=\"wc-block-grid__product-title\">Personnage<\/div>\n\t\t\t\t<\/a>\n\t\t\t\t<div class=\"wc-block-grid__product-price price\"><span class=\"woocommerce-Price-amount amount\" aria-hidden=\"true\"><span class=\"woocommerce-Price-currencySymbol\">&#036;<\/span>40.00<\/span> <span aria-hidden=\"true\">\u00a0\u2013\u00a0<\/span> <span class=\"woocommerce-Price-amount amount\" aria-hidden=\"true\"><span class=\"woocommerce-Price-currencySymbol\">&#036;<\/span>150.00<\/span><span class=\"screen-reader-text\" data-no-translation=\"\" data-trp-gettext=\"\">Plage de prix\u00a0: &#036;40.00 \u00e0 &#036;150.00<\/span><\/div>\n\t\t\t\t\n\t\t\t\t<div class=\"wp-block-button wc-block-grid__product-add-to-cart\"><a href=\"https:\/\/zero-cooldown.com\/fr\/produit\/character\/\" aria-label=\"S\u00e9lectionner les options pour \u201cCharacter\u201d\" data-quantity=\"1\" data-product_id=\"1101\" data-product_sku=\"\" data-price=\"40\" rel=\"nofollow\" class=\"wp-block-button__link wp-element-button add_to_cart_button\" data-no-translation=\"\" data-trp-gettext=\"\" data-no-translation-aria-label=\"\">Choix des options<\/a><\/div>\n\t\t\t<\/li><li class=\"wc-block-grid__product\">\n\t\t\t\t<a href=\"https:\/\/zero-cooldown.com\/fr\/produit\/item\/\" class=\"wc-block-grid__product-link\">\n\t\t\t\t\t\n\t\t\t\t\t<div class=\"wc-block-grid__product-image\"><img loading=\"lazy\" decoding=\"async\" width=\"300\" height=\"300\" src=\"https:\/\/i0.wp.com\/zero-cooldown.com\/wp-content\/uploads\/2025\/07\/thura_A_logo_for_a_company_that_sell_table_top_games_named_Zero_6f7a97e8-d5b4-488c-93c5-38c258cd0261.webp?resize=300%2C300&amp;ssl=1\" class=\"attachment-woocommerce_thumbnail size-woocommerce_thumbnail\" alt=\"Item\" srcset=\"https:\/\/i0.wp.com\/zero-cooldown.com\/wp-content\/uploads\/2025\/07\/thura_A_logo_for_a_company_that_sell_table_top_games_named_Zero_6f7a97e8-d5b4-488c-93c5-38c258cd0261.webp?w=2048&amp;ssl=1 2048w, https:\/\/i0.wp.com\/zero-cooldown.com\/wp-content\/uploads\/2025\/07\/thura_A_logo_for_a_company_that_sell_table_top_games_named_Zero_6f7a97e8-d5b4-488c-93c5-38c258cd0261.webp?resize=300%2C300&amp;ssl=1 300w, https:\/\/i0.wp.com\/zero-cooldown.com\/wp-content\/uploads\/2025\/07\/thura_A_logo_for_a_company_that_sell_table_top_games_named_Zero_6f7a97e8-d5b4-488c-93c5-38c258cd0261.webp?resize=1024%2C1024&amp;ssl=1 1024w, https:\/\/i0.wp.com\/zero-cooldown.com\/wp-content\/uploads\/2025\/07\/thura_A_logo_for_a_company_that_sell_table_top_games_named_Zero_6f7a97e8-d5b4-488c-93c5-38c258cd0261.webp?resize=150%2C150&amp;ssl=1 150w, https:\/\/i0.wp.com\/zero-cooldown.com\/wp-content\/uploads\/2025\/07\/thura_A_logo_for_a_company_that_sell_table_top_games_named_Zero_6f7a97e8-d5b4-488c-93c5-38c258cd0261.webp?resize=768%2C768&amp;ssl=1 768w, https:\/\/i0.wp.com\/zero-cooldown.com\/wp-content\/uploads\/2025\/07\/thura_A_logo_for_a_company_that_sell_table_top_games_named_Zero_6f7a97e8-d5b4-488c-93c5-38c258cd0261.webp?resize=1536%2C1536&amp;ssl=1 1536w, https:\/\/i0.wp.com\/zero-cooldown.com\/wp-content\/uploads\/2025\/07\/thura_A_logo_for_a_company_that_sell_table_top_games_named_Zero_6f7a97e8-d5b4-488c-93c5-38c258cd0261.webp?resize=12%2C12&amp;ssl=1 12w, https:\/\/i0.wp.com\/zero-cooldown.com\/wp-content\/uploads\/2025\/07\/thura_A_logo_for_a_company_that_sell_table_top_games_named_Zero_6f7a97e8-d5b4-488c-93c5-38c258cd0261.webp?resize=1320%2C1320&amp;ssl=1 1320w, https:\/\/i0.wp.com\/zero-cooldown.com\/wp-content\/uploads\/2025\/07\/thura_A_logo_for_a_company_that_sell_table_top_games_named_Zero_6f7a97e8-d5b4-488c-93c5-38c258cd0261.webp?resize=600%2C600&amp;ssl=1 600w, https:\/\/i0.wp.com\/zero-cooldown.com\/wp-content\/uploads\/2025\/07\/thura_A_logo_for_a_company_that_sell_table_top_games_named_Zero_6f7a97e8-d5b4-488c-93c5-38c258cd0261.webp?resize=100%2C100&amp;ssl=1 100w\" sizes=\"auto, (max-width: 300px) 100vw, 300px\" data-attachment-id=\"2222\" data-permalink=\"https:\/\/zero-cooldown.com\/fr\/thura_a_logo_for_a_company_that_sell_table_top_games_named_zero_6f7a97e8-d5b4-488c-93c5-38c258cd0261-2\/\" data-orig-file=\"https:\/\/i0.wp.com\/zero-cooldown.com\/wp-content\/uploads\/2025\/07\/thura_A_logo_for_a_company_that_sell_table_top_games_named_Zero_6f7a97e8-d5b4-488c-93c5-38c258cd0261.webp?fit=2048%2C2048&amp;ssl=1\" data-orig-size=\"2048,2048\" data-comments-opened=\"1\" data-image-meta=\"{&quot;aperture&quot;:&quot;0&quot;,&quot;credit&quot;:&quot;&quot;,&quot;camera&quot;:&quot;&quot;,&quot;caption&quot;:&quot;&quot;,&quot;created_timestamp&quot;:&quot;0&quot;,&quot;copyright&quot;:&quot;&quot;,&quot;focal_length&quot;:&quot;0&quot;,&quot;iso&quot;:&quot;0&quot;,&quot;shutter_speed&quot;:&quot;0&quot;,&quot;title&quot;:&quot;&quot;,&quot;orientation&quot;:&quot;0&quot;}\" data-image-title=\"thura_A_logo_for_a_company_that_sell_table_top_games_named_Zero_6f7a97e8-d5b4-488c-93c5-38c258cd0261\" data-image-description=\"\" data-image-caption=\"\" data-large-file=\"https:\/\/i0.wp.com\/zero-cooldown.com\/wp-content\/uploads\/2025\/07\/thura_A_logo_for_a_company_that_sell_table_top_games_named_Zero_6f7a97e8-d5b4-488c-93c5-38c258cd0261.webp?fit=1024%2C1024&amp;ssl=1\" \/><\/div>\n\t\t\t\t\t<div class=\"wc-block-grid__product-title\">Objet<\/div>\n\t\t\t\t<\/a>\n\t\t\t\t<div class=\"wc-block-grid__product-price price\"><span class=\"woocommerce-Price-amount amount\" aria-hidden=\"true\"><span class=\"woocommerce-Price-currencySymbol\">&#036;<\/span>40.00<\/span> <span aria-hidden=\"true\">\u00a0\u2013\u00a0<\/span> <span class=\"woocommerce-Price-amount amount\" aria-hidden=\"true\"><span class=\"woocommerce-Price-currencySymbol\">&#036;<\/span>150.00<\/span><span class=\"screen-reader-text\" data-no-translation=\"\" data-trp-gettext=\"\">Plage de prix\u00a0: &#036;40.00 \u00e0 &#036;150.00<\/span><\/div>\n\t\t\t\t\n\t\t\t\t<div class=\"wp-block-button wc-block-grid__product-add-to-cart\"><a href=\"https:\/\/zero-cooldown.com\/fr\/produit\/item\/\" aria-label=\"S\u00e9lectionner les options pour \u201cItem\u201d\" data-quantity=\"1\" data-product_id=\"1114\" data-product_sku=\"\" data-price=\"40\" rel=\"nofollow\" class=\"wp-block-button__link wp-element-button add_to_cart_button\" data-no-translation=\"\" data-trp-gettext=\"\" data-no-translation-aria-label=\"\">Choix des options<\/a><\/div>\n\t\t\t<\/li><\/ul><\/div><\/div>\n<\/div>","protected":false},"excerpt":{"rendered":"","protected":false},"author":1,"featured_media":0,"parent":0,"menu_order":0,"comment_status":"closed","ping_status":"closed","template":"","meta":{"_crdt_document":"","_uag_custom_page_level_css":"","_swt_meta_header_display":false,"_swt_meta_footer_display":false,"_swt_meta_site_title_display":false,"_swt_meta_sticky_header":false,"_swt_meta_transparent_header":false,"footnotes":""},"class_list":["post-37","page","type-page","status-publish","hentry"],"uagb_featured_image_src":{"full":false,"thumbnail":false,"medium":false,"medium_large":false,"large":false,"1536x1536":false,"2048x2048":false,"trp-custom-language-flag":false,"newspack-article-block-landscape-large":false,"newspack-article-block-portrait-large":false,"newspack-article-block-square-large":false,"newspack-article-block-landscape-medium":false,"newspack-article-block-portrait-medium":false,"newspack-article-block-square-medium":false,"newspack-article-block-landscape-intermediate":false,"newspack-article-block-portrait-intermediate":false,"newspack-article-block-square-intermediate":false,"newspack-article-block-landscape-small":false,"newspack-article-block-portrait-small":false,"newspack-article-block-square-small":false,"newspack-article-block-landscape-tiny":false,"newspack-article-block-portrait-tiny":false,"newspack-article-block-square-tiny":false,"newspack-article-block-uncropped":false,"mailpoet_newsletter_max":false,"woocommerce_thumbnail":false,"woocommerce_single":false,"woocommerce_gallery_thumbnail":false},"uagb_author_info":{"display_name":"","author_link":"https:\/\/zero-cooldown.com\/fr\/author\/"},"uagb_comment_info":0,"uagb_excerpt":null,"jetpack_sharing_enabled":true,"jetpack_likes_enabled":true,"jetpack_shortlink":"https:\/\/wp.me\/PfEyfE-B","_links":{"self":[{"href":"https:\/\/zero-cooldown.com\/fr\/wp-json\/wp\/v2\/pages\/37","targetHints":{"allow":["GET"]}}],"collection":[{"href":"https:\/\/zero-cooldown.com\/fr\/wp-json\/wp\/v2\/pages"}],"about":[{"href":"https:\/\/zero-cooldown.com\/fr\/wp-json\/wp\/v2\/types\/page"}],"author":[{"embeddable":true,"href":"https:\/\/zero-cooldown.com\/fr\/wp-json\/wp\/v2\/users\/1"}],"replies":[{"embeddable":true,"href":"https:\/\/zero-cooldown.com\/fr\/wp-json\/wp\/v2\/comments?post=37"}],"version-history":[{"count":0,"href":"https:\/\/zero-cooldown.com\/fr\/wp-json\/wp\/v2\/pages\/37\/revisions"}],"wp:attachment":[{"href":"https:\/\/zero-cooldown.com\/fr\/wp-json\/wp\/v2\/media?parent=37"}],"curies":[{"name":"wp","href":"https:\/\/api.w.org\/{rel}","templated":true}]}}